{"id":237,"date":"2016-03-16T13:54:17","date_gmt":"2016-03-16T12:54:17","guid":{"rendered":"http:\/\/48h.fr\/en\/?page_id=237"},"modified":"2022-03-29T22:39:54","modified_gmt":"2022-03-29T21:39:54","slug":"accueil","status":"publish","type":"page","link":"https:\/\/www.elzear.com\/en\/","title":{"rendered":"Home"},"content":{"rendered":"<div class=\"rowwb\">\n<div class=\"container\">\n<div class=\"col-sm-6 white\">\n<div id=\"introLeft\"><\/div>\n<\/div>\n<div class=\"col-sm-6 blue\">\n<div id=\"introRight\">\n<p class=\"author\">\n<\/div>\n<\/div>\n<\/div>\n<\/div>\n<div id=\"homePara\" class=\"parallax\">\n<div class=\"container\">\n<h2 style=\"text-align: center; color: #fff; font-size: 1.6em; margin: 10px 0; padding: 25px 0 10px 0; ;font-weight: 400;\">Elz\u00e9ar intervient pour des entreprises culturellement tr\u00e8s diff\u00e9rentes&#8230;<\/h2>\n<div class=\"row\">\n<div class=\"col-sm-4\">\n<div class=\"addIcn\">\n<p><img decoding=\"async\" src=\"\/wp-content\/themes\/elzear2016\/img\/icnh01.png\" alt=\"icnh01\" width=\"48\" height=\"48\"><\/p>\n<h3 style=\"font-size: 1.2em; font-weight: 300; color: #fff; padding: 0; margin: 20px 0 0 0;\">ETI \/ Champions cach\u00e9s<\/h3>\n<\/div>\n<\/div>\n<div class=\"col-sm-4\">\n<div class=\"addIcn\">\n<p><img decoding=\"async\" src=\"\/wp-content\/themes\/elzear2016\/img\/icnh02.png\" alt=\"icnh02\" width=\"48\" height=\"48\"><\/p>\n<h3 style=\"font-size: 1.2em; font-weight: 300; color: #fff; padding: 0; margin: 20px 0 0 0;\">Soci\u00e9t\u00e9s d\u00e9tenues par des fonds<\/h3>\n<\/div>\n<\/div>\n<div class=\"col-sm-4\">\n<div class=\"addIcn\">\n<p><img decoding=\"async\" src=\"\/wp-content\/themes\/elzear2016\/img\/icnh03.png\" alt=\"icnh03\" width=\"48\" height=\"48\"><\/p>\n<h3 style=\"font-size: 1.2em; font-weight: 300; color: #fff; padding: 0; margin: 20px 0 0 0;\">Filiales de groupes internationaux<\/h3>\n<\/div>\n<\/div>\n<\/div>\n<h2 style=\"text-align: center; color: #fff; font-size: 1.6em; margin: 10px 0; padding: 25px 0 10px 0; ;font-weight: 400;\">&#8230; principalement dans les secteurs<\/h2>\n<div class=\"row homede\">\n<div class=\"col-xs-6 col-sm-3\">\n<div class=\"addIcn\">\n<p><img decoding=\"async\" src=\"\/wp-content\/themes\/elzear2016\/img\/icnh04.png\" alt=\"icnh04\" width=\"48\" height=\"48\"><\/p>\n<h3 style=\"font-size: 1.2em; font-weight: 300; color: #fff; padding: 0; margin: 20px 0 0 0;\">Retail<\/h3>\n<\/div>\n<\/div>\n<div class=\"col-xs-6 col-sm-3\">\n<div class=\"addIcn\">\n<p><img decoding=\"async\" src=\"\/wp-content\/themes\/elzear2016\/img\/icnh05.png\" alt=\"icnh04\" width=\"48\" height=\"48\"><\/p>\n<h3 style=\"font-size: 1.2em; font-weight: 300; color: #fff; padding: 0; margin: 20px 0 0 0;\">Industrie<\/h3>\n<\/div>\n<\/div>\n<div class=\"col-xs-6 col-sm-3\">\n<div class=\"addIcn\">\n<p><img decoding=\"async\" src=\"\/wp-content\/themes\/elzear2016\/img\/icnh06.png\" alt=\"icnh06\" width=\"48\" height=\"48\"><\/p>\n<h3 style=\"font-size: 1.2em; font-weight: 300; color: #fff; padding: 0; margin: 20px 0 0 0;\">Haute technologie<\/h3>\n<\/div>\n<\/div>\n<div class=\"col-xs-6 col-sm-3\">\n<div class=\"addIcn\">\n<p><img decoding=\"async\" src=\"\/wp-content\/themes\/elzear2016\/img\/icnh07.png\" alt=\"icnh07\" width=\"48\" height=\"48\"><\/p>\n<h3 style=\"font-size: 1.2em; font-weight: 300; color: #fff; padding: 0; margin: 20px 0 0 0;\">Tertiaire<\/h3>\n<\/div>\n<\/div>\n<\/div>\n<\/div>\n<\/div>\n<div id=\"homeFLinks\">\n<div class=\"container\">\n<div class=\"row\">\n<div class=\"col-sm-4\">\n<div class=\"addhflinks\">\n<div class=\"addhfimg\"><img decoding=\"async\" class=\"alignnone\" src=\"\/wp-content\/themes\/elzear2016\/img\/icnh08.png\" alt=\"Cabinet de recrutement Paris\" width=\"48\" height=\"56\"><\/div>\n<p>Notre ma\u00eetrise du&nbsp;<a href=\"https:\/\/www2.elzear.com\/cabinet-recrutement-approche-directe\/\">recrutement par approche directe<\/a> nous permet d\u2019\u00e9tablir un&nbsp;partenariat efficace et transparent avec nos clients,&nbsp;dans la dur\u00e9e&#8230;<\/p>\n<div class=\"addhfrm\"><a href=\"\/identite-et-expertise\/\" data-bcup-haslogintext=\"no\">en savoir plus<\/a><\/div>\n<\/div>\n<\/div>\n<div class=\"col-sm-4\">\n<div class=\"addhflinks\">\n<div class=\"addhfimg\"><img decoding=\"async\" class=\"alignnone\" src=\"\/wp-content\/themes\/elzear2016\/img\/icnh09.png\" alt=\"Cabinet de recrutement par approche directe\" width=\"48\" height=\"46\"><\/div>\n<p>Rigueur et discipline pour une m\u00e9thodologie solide et \u00e9prouv\u00e9e, cr\u00e9ativit\u00e9 et innovation pour une approche sur mesure et personnalis\u00e9e&#8230;<\/p>\n<div class=\"addhfrm\"><a href=\"\/methodologie\/\" data-bcup-haslogintext=\"no\">en savoir plus<\/a><\/div>\n<\/div>\n<\/div>\n<div class=\"col-sm-4\">\n<div class=\"addhflinks\">\n<div class=\"addhfimg\"><img decoding=\"async\" class=\"alignnone\" src=\"\/wp-content\/themes\/elzear2016\/img\/icnh10.png\" alt=\"Recrutement Search\" width=\"48\" height=\"48\"><\/div>\n<p>Les m\u00e9thodes de recrutement se ressemblent en apparence. Au c\u0153ur de chacune de nos missions, nous op\u00e9rons la rencontre entre trois acteurs&#8230;<\/p>\n<div class=\"addhfrm\"><a href=\"\/philosophie\/\" data-bcup-haslogintext=\"no\">en savoir plus<\/a><\/div>\n<\/div>\n<\/div>\n<\/div>\n<\/div>\n<\/div>\n","protected":false},"excerpt":{"rendered":"<p>Elz\u00e9ar intervient pour des entreprises culturellement tr\u00e8s diff\u00e9rentes&#8230; ETI \/ Champions cach\u00e9s Soci\u00e9t\u00e9s d\u00e9tenues par des fonds Filiales de groupes internationaux &#8230; principalement dans les secteurs Retail Industrie Haute technologie Tertiaire Notre ma\u00eetrise du&nbsp;recrutement par approche directe nous permet d\u2019\u00e9tablir un&nbsp;partenariat efficace et transparent avec nos clients,&nbsp;dans la dur\u00e9e&#8230; en savoir plus Rigueur et discipline [&hellip;]<\/p>\n","protected":false},"author":1,"featured_media":0,"parent":0,"menu_order":43,"comment_status":"closed","ping_status":"closed","template":"","meta":{"inline_featured_image":false,"footnotes":""},"class_list":["post-237","page","type-page","status-publish","hentry"],"acf":[],"yoast_head":"<!-- This site is optimized with the Yoast SEO plugin v26.6 - https:\/\/yoast.com\/wordpress\/plugins\/seo\/ -->\n<title>Cabinet de Recrutement Approche Directe Paris - Elzear Executive Search<\/title>\n<meta name=\"description\" content=\"Elzear Executive Search est le cabinet de recrutement de cadres dirigeants \u00e0 Paris : Retail, Industrie, Haute Technologie, Tertiaire. \u260f 01 49 70 67 00\" \/>\n<meta name=\"robots\" content=\"index, follow, max-snippet:-1, max-image-preview:large, max-video-preview:-1\" \/>\n<link rel=\"canonical\" href=\"https:\/\/www.elzear.com\/en\/\" \/>\n<meta property=\"og:locale\" content=\"en_US\" \/>\n<meta property=\"og:type\" content=\"article\" \/>\n<meta property=\"og:title\" content=\"Cabinet de Recrutement Approche Directe Paris - Elzear Executive Search\" \/>\n<meta property=\"og:description\" content=\"Elzear Executive Search est le cabinet de recrutement de cadres dirigeants \u00e0 Paris : Retail, Industrie, Haute Technologie, Tertiaire. \u260f 01 49 70 67 00\" \/>\n<meta property=\"og:url\" content=\"https:\/\/www.elzear.com\/en\/\" \/>\n<meta property=\"og:site_name\" content=\"Elzear Executive Search\" \/>\n<meta property=\"article:modified_time\" content=\"2022-03-29T21:39:54+00:00\" \/>\n<meta property=\"og:image\" content=\"https:\/\/www.elzear.com\/wp-content\/uploads\/2016\/03\/sliderhome1.jpg\" \/>\n\t<meta property=\"og:image:width\" content=\"2000\" \/>\n\t<meta property=\"og:image:height\" content=\"1333\" \/>\n\t<meta property=\"og:image:type\" content=\"image\/jpeg\" \/>\n<meta name=\"twitter:card\" content=\"summary_large_image\" \/>\n<meta name=\"twitter:label1\" content=\"Est. reading time\" \/>\n\t<meta name=\"twitter:data1\" content=\"3 minutes\" \/>\n<script type=\"application\/ld+json\" class=\"yoast-schema-graph\">{\"@context\":\"https:\/\/schema.org\",\"@graph\":[{\"@type\":\"WebPage\",\"@id\":\"https:\/\/www.elzear.com\/en\/\",\"url\":\"https:\/\/www.elzear.com\/en\/\",\"name\":\"Cabinet de Recrutement Approche Directe Paris - Elzear Executive Search\",\"isPartOf\":{\"@id\":\"https:\/\/www.elzear.com\/en\/#website\"},\"datePublished\":\"2016-03-16T12:54:17+00:00\",\"dateModified\":\"2022-03-29T21:39:54+00:00\",\"description\":\"Elzear Executive Search est le cabinet de recrutement de cadres dirigeants \u00e0 Paris : Retail, Industrie, Haute Technologie, Tertiaire. \u260f 01 49 70 67 00\",\"breadcrumb\":{\"@id\":\"https:\/\/www.elzear.com\/en\/#breadcrumb\"},\"inLanguage\":\"en-US\",\"potentialAction\":[{\"@type\":\"ReadAction\",\"target\":[\"https:\/\/www.elzear.com\/en\/\"]}]},{\"@type\":\"BreadcrumbList\",\"@id\":\"https:\/\/www.elzear.com\/en\/#breadcrumb\",\"itemListElement\":[{\"@type\":\"ListItem\",\"position\":1,\"name\":\"Accueil\",\"item\":\"https:\/\/www.elzear.com\/en\/\"},{\"@type\":\"ListItem\",\"position\":2,\"name\":\"Home\"}]},{\"@type\":\"WebSite\",\"@id\":\"https:\/\/www.elzear.com\/en\/#website\",\"url\":\"https:\/\/www.elzear.com\/en\/\",\"name\":\"Elzear Executive Search\",\"description\":\"Cabinet de recrutement\",\"publisher\":{\"@id\":\"https:\/\/www.elzear.com\/en\/#organization\"},\"potentialAction\":[{\"@type\":\"SearchAction\",\"target\":{\"@type\":\"EntryPoint\",\"urlTemplate\":\"https:\/\/www.elzear.com\/en\/?s={search_term_string}\"},\"query-input\":{\"@type\":\"PropertyValueSpecification\",\"valueRequired\":true,\"valueName\":\"search_term_string\"}}],\"inLanguage\":\"en-US\"},{\"@type\":\"Organization\",\"@id\":\"https:\/\/www.elzear.com\/en\/#organization\",\"name\":\"Elz\u00e9ar Executive Search\",\"url\":\"https:\/\/www.elzear.com\/en\/\",\"logo\":{\"@type\":\"ImageObject\",\"inLanguage\":\"en-US\",\"@id\":\"https:\/\/www.elzear.com\/en\/#\/schema\/logo\/image\/\",\"url\":\"https:\/\/www2.elzear.com\/wp-content\/uploads\/2020\/03\/ElzearExecutiveSearch.png\",\"contentUrl\":\"https:\/\/www2.elzear.com\/wp-content\/uploads\/2020\/03\/ElzearExecutiveSearch.png\",\"width\":200,\"height\":200,\"caption\":\"Elz\u00e9ar Executive Search\"},\"image\":{\"@id\":\"https:\/\/www.elzear.com\/en\/#\/schema\/logo\/image\/\"}}]}<\/script>\n<!-- \/ Yoast SEO plugin. -->","yoast_head_json":{"title":"Cabinet de Recrutement Approche Directe Paris - Elzear Executive Search","description":"Elzear Executive Search est le cabinet de recrutement de cadres dirigeants \u00e0 Paris : Retail, Industrie, Haute Technologie, Tertiaire. \u260f 01 49 70 67 00","robots":{"index":"index","follow":"follow","max-snippet":"max-snippet:-1","max-image-preview":"max-image-preview:large","max-video-preview":"max-video-preview:-1"},"canonical":"https:\/\/www.elzear.com\/en\/","og_locale":"en_US","og_type":"article","og_title":"Cabinet de Recrutement Approche Directe Paris - Elzear Executive Search","og_description":"Elzear Executive Search est le cabinet de recrutement de cadres dirigeants \u00e0 Paris : Retail, Industrie, Haute Technologie, Tertiaire. \u260f 01 49 70 67 00","og_url":"https:\/\/www.elzear.com\/en\/","og_site_name":"Elzear Executive Search","article_modified_time":"2022-03-29T21:39:54+00:00","og_image":[{"width":2000,"height":1333,"url":"https:\/\/www.elzear.com\/wp-content\/uploads\/2016\/03\/sliderhome1.jpg","type":"image\/jpeg"}],"twitter_card":"summary_large_image","twitter_misc":{"Est. reading time":"3 minutes"},"schema":{"@context":"https:\/\/schema.org","@graph":[{"@type":"WebPage","@id":"https:\/\/www.elzear.com\/en\/","url":"https:\/\/www.elzear.com\/en\/","name":"Cabinet de Recrutement Approche Directe Paris - Elzear Executive Search","isPartOf":{"@id":"https:\/\/www.elzear.com\/en\/#website"},"datePublished":"2016-03-16T12:54:17+00:00","dateModified":"2022-03-29T21:39:54+00:00","description":"Elzear Executive Search est le cabinet de recrutement de cadres dirigeants \u00e0 Paris : Retail, Industrie, Haute Technologie, Tertiaire. \u260f 01 49 70 67 00","breadcrumb":{"@id":"https:\/\/www.elzear.com\/en\/#breadcrumb"},"inLanguage":"en-US","potentialAction":[{"@type":"ReadAction","target":["https:\/\/www.elzear.com\/en\/"]}]},{"@type":"BreadcrumbList","@id":"https:\/\/www.elzear.com\/en\/#breadcrumb","itemListElement":[{"@type":"ListItem","position":1,"name":"Accueil","item":"https:\/\/www.elzear.com\/en\/"},{"@type":"ListItem","position":2,"name":"Home"}]},{"@type":"WebSite","@id":"https:\/\/www.elzear.com\/en\/#website","url":"https:\/\/www.elzear.com\/en\/","name":"Elzear Executive Search","description":"Cabinet de recrutement","publisher":{"@id":"https:\/\/www.elzear.com\/en\/#organization"},"potentialAction":[{"@type":"SearchAction","target":{"@type":"EntryPoint","urlTemplate":"https:\/\/www.elzear.com\/en\/?s={search_term_string}"},"query-input":{"@type":"PropertyValueSpecification","valueRequired":true,"valueName":"search_term_string"}}],"inLanguage":"en-US"},{"@type":"Organization","@id":"https:\/\/www.elzear.com\/en\/#organization","name":"Elz\u00e9ar Executive Search","url":"https:\/\/www.elzear.com\/en\/","logo":{"@type":"ImageObject","inLanguage":"en-US","@id":"https:\/\/www.elzear.com\/en\/#\/schema\/logo\/image\/","url":"https:\/\/www2.elzear.com\/wp-content\/uploads\/2020\/03\/ElzearExecutiveSearch.png","contentUrl":"https:\/\/www2.elzear.com\/wp-content\/uploads\/2020\/03\/ElzearExecutiveSearch.png","width":200,"height":200,"caption":"Elz\u00e9ar Executive Search"},"image":{"@id":"https:\/\/www.elzear.com\/en\/#\/schema\/logo\/image\/"}}]}},"_links":{"self":[{"href":"https:\/\/www.elzear.com\/en\/wp-json\/wp\/v2\/pages\/237","targetHints":{"allow":["GET"]}}],"collection":[{"href":"https:\/\/www.elzear.com\/en\/wp-json\/wp\/v2\/pages"}],"about":[{"href":"https:\/\/www.elzear.com\/en\/wp-json\/wp\/v2\/types\/page"}],"author":[{"embeddable":true,"href":"https:\/\/www.elzear.com\/en\/wp-json\/wp\/v2\/users\/1"}],"replies":[{"embeddable":true,"href":"https:\/\/www.elzear.com\/en\/wp-json\/wp\/v2\/comments?post=237"}],"version-history":[{"count":0,"href":"https:\/\/www.elzear.com\/en\/wp-json\/wp\/v2\/pages\/237\/revisions"}],"wp:attachment":[{"href":"https:\/\/www.elzear.com\/en\/wp-json\/wp\/v2\/media?parent=237"}],"curies":[{"name":"wp","href":"https:\/\/api.w.org\/{rel}","templated":true}]}}